{"id":147,"date":"2017-06-01T20:56:13","date_gmt":"2017-06-01T20:56:13","guid":{"rendered":"https:\/\/www.kaelin-bruhin.com\/?page_id=147"},"modified":"2021-04-28T08:08:53","modified_gmt":"2021-04-28T08:08:53","slug":"richard-kaelin","status":"publish","type":"page","link":"https:\/\/www.kaelin-bruhin.com\/?page_id=147","title":{"rendered":"Richard K\u00e4lin"},"content":{"rendered":"<div class=\"flex_column av_one_third  flex_column_div av-zero-column-padding first  \" style='border-radius:0px; '><p><section class='avia-team-member '  itemscope=\"itemscope\" itemtype=\"https:\/\/schema.org\/Person\" ><div class='team-img-container'><img class='avia_image avia_image_team' src='https:\/\/www.kaelin-bruhin.com\/wp-content\/uploads\/2017\/06\/Q24-4825-RK-003-687x1030.jpg' alt='lic.iur. Richard K\u00e4lin'  itemprop=\"image\"  \/><\/div><h3 class='team-member-name'   itemprop=\"name\" >lic.iur. Richard K\u00e4lin<\/h3><div class='team-member-description '  itemprop=\"description\"  ><p>geboren 1959, von Einsiedeln<br \/>\nlic.iur. Universit\u00e4t Z\u00fcrich 1988<br \/>\nSchwyzer Anwaltspatent 1992<br \/>\nUrkundsperson Kanton Schwyz<\/p>\n<\/div><span class='hidden team-member-affiliation'  itemprop=\"affiliation\" >K&auml;lin + Bruhin<\/span><\/section><br \/>\n<div class='avia-icon-list-container '><ul class='avia-icon-list avia-icon-list-left av-iconlist-small avia_animate_when_almost_visible'>\n<li><div  class='iconlist_icon  avia-font-entypo-fontello'><span class='iconlist-char' aria-hidden='true' data-av_icon='\ue854' data-av_iconfont='entypo-fontello'><\/span><\/div><article class=\"article-icon-entry av-iconlist-empty\"  itemscope=\"itemscope\" itemtype=\"https:\/\/schema.org\/CreativeWork\" ><div class='iconlist_content_wrap'><header class=\"entry-content-header\"><div class='av_iconlist_title iconlist_title_small '  itemprop=\"headline\"  ><a href='tel:+41554155051' title='+41 (0)55 415 50 51' target=\"_blank\" >+41 (0)55 415 50 51<\/a><\/div><\/header><div class='iconlist_content '  itemprop=\"text\"  ><\/div><\/div><footer class=\"entry-footer\"><\/footer><\/article><div class='iconlist-timeline'><\/div><\/li>\n<li><div  class='iconlist_icon  avia-font-entypo-fontello'><span class='iconlist-char' aria-hidden='true' data-av_icon='\ue805' data-av_iconfont='entypo-fontello'><\/span><\/div><article class=\"article-icon-entry av-iconlist-empty\"  itemscope=\"itemscope\" itemtype=\"https:\/\/schema.org\/CreativeWork\" ><div class='iconlist_content_wrap'><header class=\"entry-content-header\"><div class='av_iconlist_title iconlist_title_small '  itemprop=\"headline\"  ><a href='mailto:kaelin@kaelin-bruhin.com' title='kaelin@kaelin-bruhin.com' target=\"_blank\" >kaelin@kaelin-bruhin.com<\/a><\/div><\/header><div class='iconlist_content '  itemprop=\"text\"  ><\/div><\/div><footer class=\"entry-footer\"><\/footer><\/article><div class='iconlist-timeline'><\/div><\/li>\n<\/ul><\/div><\/p><\/div><div class=\"flex_column av_two_third  flex_column_div av-zero-column-padding   \" style='border-radius:0px; '><section class=\"av_textblock_section\"  itemscope=\"itemscope\" itemtype=\"https:\/\/schema.org\/CreativeWork\" ><div class='avia_textblock '   itemprop=\"text\" ><p><strong>Ausbildung<\/strong><\/p>\n<p>1975 &#8211; 1979 Matura Typus C, KKS Schwyz; 1979 &#8211; 1982 ETHZ, Abteilung f\u00fcr Bauingenieurwesen, Grundstudium und Praktikum; 1983 &#8211; 1988 Universit\u00e4t Z\u00fcrich, Abschluss lic.iur.; 1989 Praktikum am Bezirksamt und Bezirksgericht H\u00f6fe in Wollerau SZ; 1989 &#8211; 1991 Praktikum und Mitarbeit in der Anwaltskanzlei Dr. Alois Dobler in Lachen SZ; 1992 Anwaltspatent Kanton Schwyz; seit 1992, j\u00e4hrliche Weiterbildungen in verschiedenen Rechtsgebieten.<\/p>\n<p><strong>Berufliches<\/strong><\/p>\n<p>1982 &#8211; 1987 Z\u00fcrich Versicherungen, Schadenabteilung; 1988 &#8211; 1998 Lehrauftrag &#8218;Recht&#8216; an der Landwirtschaftlichen Schule (LWS) in Pf\u00e4ffikon SZ; 1992 Er\u00f6ffnung der eigenen Kanzlei in der Gemeinde Freienbach (SZ); 1993 Registrierung als Urkundsperson im Kanton Schwyz; 1994 &#8211; 2000 Jugendanwalt Kreis III Kanton Schwyz; 1997 &#8211; 2010 Schweizerisches Rotes Kreuz Kanton Schwyz, Vorstandsmitglied\/ Rechtswesen; 1998 &#8211; 2006 Bezirksrat Bezirk H\u00f6fe; 2006 &#8211; 2010 Statthalter Bezirk H\u00f6fe; 2010 &#8211; 2014 Bezirksammann Bezirk H\u00f6fe; 1998 &#8211; 2014, Mitglied Verwaltungsrat Kraftwerk Feusisberg AG; 1998 &#8211; 2003 Mitglied Aufsichtsrat und Verwaltungsrat EW H\u00f6fe AG; 2003 &#8211; 2014, Mitglied Verwaltungsrat Spital Lachen AG; 1999 &#8211; 2003 Anwaltsverband Kanton Schwyz, Sekret\u00e4r; 2007 &#8211; 2011 Anwaltsverband Kanton Schwyz, Pr\u00e4sident; seit 2010, Verein Anwalt der ersten Stunde, Gr\u00fcndung und Mitglied (Einsatzplanung); 2014 &#8211; 2019, Pr\u00e4sident der Genossenschaft Kyburgerhaus Z\u00fcrich; seit 2015, Gesch\u00e4ftsf\u00fchrer VSZK (Verband der Schwyzer Korporationen und Genossamen).<\/p>\n<p><strong>Mitgliedschaften<\/strong><\/p>\n<p>&#8211; Schweizerischer Anwaltsverband (SAV), Mitglied seit 1992<br \/>\n&#8211; Anwaltsverband des Kantons Schwyz (AVSZ), Mitglied seit 1992<br \/>\n&#8211; Eingetragen im Anwaltsregister des Kantons Schwyz seit 1992<br \/>\n&#8211; Eingetragen im Register der Urkundspersonen des Kantons Schwyz seit 1993<br \/>\n&#8211; Touring Club der Schweiz (TCS), Sektion Schwyz, Rechtskonsulent seit 1993<br \/>\n&#8211; Schweizerische Kriminalistische Gesellschaft (SKG), Mitglied seit 2010<br \/>\n&#8211; Verein Anwalt der ersten Stunde Kanton Schwyz, Gr\u00fcndungs- und Vorstandsmitglied seit 2010<\/p>\n<p><strong>Bevorzugte T\u00e4tigkeitsgebiete<\/strong><\/p>\n<p>Bau- und Planungsrecht, Haftpflicht- und Versicherungsrecht, Strafrecht, Strassenverkehrsrecht, Erbrecht, Vertragsrecht, Verwaltungsrecht<\/p>\n<\/div><\/section><\/div><\/p>\n","protected":false},"excerpt":{"rendered":"","protected":false},"author":1,"featured_media":0,"parent":0,"menu_order":0,"comment_status":"closed","ping_status":"closed","template":"","meta":{"footnotes":""},"class_list":["post-147","page","type-page","status-publish","hentry"],"_links":{"self":[{"href":"https:\/\/www.kaelin-bruhin.com\/index.php?rest_route=\/wp\/v2\/pages\/147","targetHints":{"allow":["GET"]}}],"collection":[{"href":"https:\/\/www.kaelin-bruhin.com\/index.php?rest_route=\/wp\/v2\/pages"}],"about":[{"href":"https:\/\/www.kaelin-bruhin.com\/index.php?rest_route=\/wp\/v2\/types\/page"}],"author":[{"embeddable":true,"href":"https:\/\/www.kaelin-bruhin.com\/index.php?rest_route=\/wp\/v2\/users\/1"}],"replies":[{"embeddable":true,"href":"https:\/\/www.kaelin-bruhin.com\/index.php?rest_route=%2Fwp%2Fv2%2Fcomments&post=147"}],"version-history":[{"count":10,"href":"https:\/\/www.kaelin-bruhin.com\/index.php?rest_route=\/wp\/v2\/pages\/147\/revisions"}],"predecessor-version":[{"id":526,"href":"https:\/\/www.kaelin-bruhin.com\/index.php?rest_route=\/wp\/v2\/pages\/147\/revisions\/526"}],"wp:attachment":[{"href":"https:\/\/www.kaelin-bruhin.com\/index.php?rest_route=%2Fwp%2Fv2%2Fmedia&parent=147"}],"curies":[{"name":"wp","href":"https:\/\/api.w.org\/{rel}","templated":true}]}}